{"id":776,"date":"2023-07-14T10:57:28","date_gmt":"2023-07-14T10:57:28","guid":{"rendered":"https:\/\/web4.rkinformatika.net\/aluminiostamar\/?page_id=776"},"modified":"2023-07-17T15:45:15","modified_gmt":"2023-07-17T15:45:15","slug":"reformas","status":"publish","type":"page","link":"https:\/\/aluminiostamar.com\/eu\/reformas\/","title":{"rendered":"Berrikuntzak"},"content":{"rendered":"\t\t<div data-elementor-type=\"wp-page\" data-elementor-id=\"776\" class=\"elementor elementor-776\" data-elementor-post-type=\"page\">\n\t\t\t\t\t\t<section class=\"elementor-section elementor-top-section elementor-element elementor-element-13701826 elementor-section-boxed elementor-section-height-default elementor-section-height-default\" data-id=\"13701826\" data-element_type=\"section\" data-e-type=\"section\" data-settings=\"{&quot;background_background&quot;:&quot;classic&quot;,&quot;background_motion_fx_motion_fx_scrolling&quot;:&quot;yes&quot;,&quot;background_motion_fx_motion_fx_mouse&quot;:&quot;yes&quot;,&quot;background_motion_fx_devices&quot;:[&quot;desktop&quot;,&quot;tablet&quot;,&quot;mobile&quot;]}\">\n\t\t\t\t\t\t\t<div class=\"elementor-background-overlay\"><\/div>\n\t\t\t\t\t\t\t<div class=\"elementor-container elementor-column-gap-default\">\n\t\t\t\t\t<div class=\"elementor-column elementor-col-100 elementor-top-column elementor-element elementor-element-23c1a55\" data-id=\"23c1a55\" data-element_type=\"column\" data-e-type=\"column\">\n\t\t\t<div class=\"elementor-widget-wrap\">\n\t\t\t\t\t\t\t<\/div>\n\t\t<\/div>\n\t\t\t\t\t<\/div>\n\t\t<\/section>\n\t\t\t\t<section class=\"elementor-section elementor-top-section elementor-element elementor-element-9412182 elementor-section-boxed elementor-section-height-default elementor-section-height-default\" data-id=\"9412182\" data-element_type=\"section\" data-e-type=\"section\">\n\t\t\t\t\t\t<div class=\"elementor-container elementor-column-gap-default\">\n\t\t\t\t\t<div class=\"elementor-column elementor-col-100 elementor-top-column elementor-element elementor-element-946800d\" data-id=\"946800d\" data-element_type=\"column\" data-e-type=\"column\">\n\t\t\t<div class=\"elementor-widget-wrap elementor-element-populated\">\n\t\t\t\t\t\t<div class=\"elementor-element elementor-element-c10d930 elementor-widget elementor-widget-text-editor\" data-id=\"c10d930\" data-element_type=\"widget\" data-e-type=\"widget\" data-widget_type=\"text-editor.default\">\n\t\t\t\t<div class=\"elementor-widget-container\">\n\t\t\t\t\t\t\t\t\t<h1 style=\"font-size: 36px; margin: 20px 0px 10px; font-family: 'Source Sans Pro', sans-serif; line-height: 1.1; color: #333333; text-align: right;\">Aluminios\u00a0\u00a0<span class=\"tamar\" style=\"font-family: Vasca, serif; text-transform: uppercase; color: #bf1729;\">TAMAR<\/span><\/h1>\n<h2 style=\"font-family: 'Source Sans Pro', sans-serif; line-height: 1.1; color: #333333; margin-top: 20px; margin-bottom: 10px; font-size: 30px; text-align: right;\">Reformas<\/h2>\n<h3 style=\"font-family: 'Source Sans Pro', sans-serif; line-height: 1.1; color: #333333; margin-top: 20px; margin-bottom: 10px; font-size: 24px; text-align: right;\">Nos ocupamos de todo para que no te preocupes de nada<\/h3>\t\t\t\t\t\t\t\t<\/div>\n\t\t\t\t<\/div>\n\t\t\t\t\t<\/div>\n\t\t<\/div>\n\t\t\t\t\t<\/div>\n\t\t<\/section>\n\t\t\t\t<section class=\"elementor-section elementor-top-section elementor-element elementor-element-f1eea34 elementor-section-boxed elementor-section-height-default elementor-section-height-default\" data-id=\"f1eea34\" data-element_type=\"section\" data-e-type=\"section\">\n\t\t\t\t\t\t<div class=\"elementor-container elementor-column-gap-default\">\n\t\t\t\t\t<div class=\"elementor-column elementor-col-100 elementor-top-column elementor-element elementor-element-708ed08\" data-id=\"708ed08\" data-element_type=\"column\" data-e-type=\"column\">\n\t\t\t<div class=\"elementor-widget-wrap elementor-element-populated\">\n\t\t\t\t\t\t<div class=\"elementor-element elementor-element-f5e004d elementor-widget elementor-widget-text-editor\" data-id=\"f5e004d\" data-element_type=\"widget\" data-e-type=\"widget\" data-widget_type=\"text-editor.default\">\n\t\t\t\t<div class=\"elementor-widget-container\">\n\t\t\t\t\t\t\t\t\t<h6>En Aluminios\u00a0\u00a0<span class=\"tamar\" style=\"font-family: Vasca, serif; text-transform: uppercase; color: #bf1729;\">TAMAR<\/span>\u00a0nos ocupamos de todo para que no tengas que preocuparte de nada. Por eso disponemos de un completo equipo de profesionales especializado en la realizaci\u00f3n de todo tipo de trabajos de reforma.<\/h6>\n<h6>Realizamos\u00a0<strong>reformas de cocinas, ba\u00f1os, reformas integrales de viviendas o de locales comerciales<\/strong>. Nos ocupamos tanto de las obras de alba\u00f1iler\u00eda como de los trabajos de electricidad y fontaner\u00eda para ofrecerte una soluci\u00f3n integral, ahorr\u00e1ndote as\u00ed el siempre engorroso problema de hacer coincidir los horarios de diferentes profesionales para que la obra salga adelante.<\/h6>\n<h6>Nuestros personal cualificado te informar\u00e1 de las mejores soluciones a aplicar de forma que se adapten a tus necesidades.<\/h6>\n<h6>Utilizamos materiales de calidad contrastada para que no tengas problema y quedes totalmente satisfecho con el trabajo realizado.<\/h6>\n<h6>Si est\u00e1s pensando en hacer una reforma en tu vivienda o negocio, no lo dudes. Contacta con Aluminios Tamar y te informaremos sin compromiso.<\/h6>\n<h6>Y recuerda, Aluminios\u00a0\u00a0<span class=\"tamar\" style=\"font-family: Vasca, serif; text-transform: uppercase; color: #bf1729;\">TAMAR<\/span>\u00a0son 25 a\u00f1os de experiencia al servicio de los vecinos de Mung\u00eda y Vizcaya.<\/h6>\t\t\t\t\t\t\t\t<\/div>\n\t\t\t\t<\/div>\n\t\t\t\t\t<\/div>\n\t\t<\/div>\n\t\t\t\t\t<\/div>\n\t\t<\/section>\n\t\t\t\t<section class=\"elementor-section elementor-top-section elementor-element elementor-element-e9977ea elementor-section-boxed elementor-section-height-default elementor-section-height-default\" data-id=\"e9977ea\" data-element_type=\"section\" data-e-type=\"section\">\n\t\t\t\t\t\t<div class=\"elementor-container elementor-column-gap-default\">\n\t\t\t\t\t<div class=\"elementor-column elementor-col-100 elementor-top-column elementor-element elementor-element-b730d9d\" data-id=\"b730d9d\" data-element_type=\"column\" data-e-type=\"column\">\n\t\t\t<div class=\"elementor-widget-wrap elementor-element-populated\">\n\t\t\t\t\t\t<div class=\"elementor-element elementor-element-d3e184f elementor-widget elementor-widget-heading\" data-id=\"d3e184f\" data-element_type=\"widget\" data-e-type=\"widget\" data-widget_type=\"heading.default\">\n\t\t\t\t<div class=\"elementor-widget-container\">\n\t\t\t\t\t<h2 class=\"elementor-heading-title elementor-size-default\"><h2 style=\", sans-serif;line-height: 1.1;margin-top: 20px;margin-bottom: 10px;font-size: 30px;text-align: justify;white-space: normal\">\u00bfQui\u00e9res ver c\u00f3mo trabajamos? Aqu\u00ed tienes la secuencia de la construcci\u00f3n de un terraza cubierta en un caser\u00edo.<\/h2><\/h2>\t\t\t\t<\/div>\n\t\t\t\t<\/div>\n\t\t\t\t\t<\/div>\n\t\t<\/div>\n\t\t\t\t\t<\/div>\n\t\t<\/section>\n\t\t\t\t<section class=\"elementor-section elementor-top-section elementor-element elementor-element-83b5ab0 elementor-section-boxed elementor-section-height-default elementor-section-height-default\" data-id=\"83b5ab0\" data-element_type=\"section\" data-e-type=\"section\">\n\t\t\t\t\t\t<div class=\"elementor-container elementor-column-gap-default\">\n\t\t\t\t\t<div class=\"elementor-column elementor-col-100 elementor-top-column elementor-element elementor-element-31d4eac\" data-id=\"31d4eac\" data-element_type=\"column\" data-e-type=\"column\">\n\t\t\t<div class=\"elementor-widget-wrap elementor-element-populated\">\n\t\t\t\t\t\t<div class=\"elementor-element elementor-element-c87ce72 elementor-widget elementor-widget-image-carousel\" data-id=\"c87ce72\" data-element_type=\"widget\" data-e-type=\"widget\" data-settings=\"{&quot;slides_to_show&quot;:&quot;1&quot;,&quot;navigation&quot;:&quot;none&quot;,&quot;autoplay&quot;:&quot;yes&quot;,&quot;pause_on_hover&quot;:&quot;yes&quot;,&quot;pause_on_interaction&quot;:&quot;yes&quot;,&quot;autoplay_speed&quot;:5000,&quot;infinite&quot;:&quot;yes&quot;,&quot;effect&quot;:&quot;slide&quot;,&quot;speed&quot;:500}\" data-widget_type=\"image-carousel.default\">\n\t\t\t\t<div class=\"elementor-widget-container\">\n\t\t\t\t\t\t\t<div class=\"elementor-image-carousel-wrapper swiper\" role=\"region\" aria-roledescription=\"carousel\" aria-label=\"Image Carousel\" dir=\"ltr\">\n\t\t\t<div class=\"elementor-image-carousel swiper-wrapper\" aria-live=\"off\">\n\t\t\t\t\t\t\t\t<div class=\"swiper-slide\" role=\"group\" aria-roledescription=\"slide\" aria-label=\"1 of 14\"><figure class=\"swiper-slide-inner\"><img decoding=\"async\" class=\"swiper-slide-image\" src=\"https:\/\/aluminiostamar.com\/wp-content\/uploads\/2023\/07\/14.jpg\" alt=\"14\" \/><\/figure><\/div><div class=\"swiper-slide\" role=\"group\" aria-roledescription=\"slide\" aria-label=\"2 of 14\"><figure class=\"swiper-slide-inner\"><img decoding=\"async\" class=\"swiper-slide-image\" src=\"https:\/\/aluminiostamar.com\/wp-content\/uploads\/2023\/07\/13.jpg\" alt=\"13\" \/><\/figure><\/div><div class=\"swiper-slide\" role=\"group\" aria-roledescription=\"slide\" aria-label=\"3 of 14\"><figure class=\"swiper-slide-inner\"><img decoding=\"async\" class=\"swiper-slide-image\" src=\"https:\/\/aluminiostamar.com\/wp-content\/uploads\/2023\/07\/12.jpg\" alt=\"12\" \/><\/figure><\/div><div class=\"swiper-slide\" role=\"group\" aria-roledescription=\"slide\" aria-label=\"4 of 14\"><figure class=\"swiper-slide-inner\"><img decoding=\"async\" class=\"swiper-slide-image\" src=\"https:\/\/aluminiostamar.com\/wp-content\/uploads\/2023\/07\/11.jpg\" alt=\"11\" \/><\/figure><\/div><div class=\"swiper-slide\" role=\"group\" aria-roledescription=\"slide\" aria-label=\"5 of 14\"><figure class=\"swiper-slide-inner\"><img decoding=\"async\" class=\"swiper-slide-image\" src=\"https:\/\/aluminiostamar.com\/wp-content\/uploads\/2023\/07\/10.jpg\" alt=\"10\" \/><\/figure><\/div><div class=\"swiper-slide\" role=\"group\" aria-roledescription=\"slide\" aria-label=\"6 of 14\"><figure class=\"swiper-slide-inner\"><img decoding=\"async\" class=\"swiper-slide-image\" src=\"https:\/\/aluminiostamar.com\/wp-content\/uploads\/2023\/07\/9.jpg\" alt=\"9\" \/><\/figure><\/div><div class=\"swiper-slide\" role=\"group\" aria-roledescription=\"slide\" aria-label=\"7 of 14\"><figure class=\"swiper-slide-inner\"><img decoding=\"async\" class=\"swiper-slide-image\" src=\"https:\/\/aluminiostamar.com\/wp-content\/uploads\/2023\/07\/8.jpg\" alt=\"8\" \/><\/figure><\/div><div class=\"swiper-slide\" role=\"group\" aria-roledescription=\"slide\" aria-label=\"8 of 14\"><figure class=\"swiper-slide-inner\"><img decoding=\"async\" class=\"swiper-slide-image\" src=\"https:\/\/aluminiostamar.com\/wp-content\/uploads\/2023\/07\/7.jpg\" alt=\"7\" \/><\/figure><\/div><div class=\"swiper-slide\" role=\"group\" aria-roledescription=\"slide\" aria-label=\"9 of 14\"><figure class=\"swiper-slide-inner\"><img decoding=\"async\" class=\"swiper-slide-image\" src=\"https:\/\/aluminiostamar.com\/wp-content\/uploads\/2023\/07\/6.jpg\" alt=\"6\" \/><\/figure><\/div><div class=\"swiper-slide\" role=\"group\" aria-roledescription=\"slide\" aria-label=\"10 of 14\"><figure class=\"swiper-slide-inner\"><img decoding=\"async\" class=\"swiper-slide-image\" src=\"https:\/\/aluminiostamar.com\/wp-content\/uploads\/2023\/07\/5.jpg\" alt=\"5\" \/><\/figure><\/div><div class=\"swiper-slide\" role=\"group\" aria-roledescription=\"slide\" aria-label=\"11 of 14\"><figure class=\"swiper-slide-inner\"><img decoding=\"async\" class=\"swiper-slide-image\" src=\"https:\/\/aluminiostamar.com\/wp-content\/uploads\/2023\/07\/4.jpg\" alt=\"4\" \/><\/figure><\/div><div class=\"swiper-slide\" role=\"group\" aria-roledescription=\"slide\" aria-label=\"12 of 14\"><figure class=\"swiper-slide-inner\"><img decoding=\"async\" class=\"swiper-slide-image\" src=\"https:\/\/aluminiostamar.com\/wp-content\/uploads\/2023\/07\/3.jpg\" alt=\"3\" \/><\/figure><\/div><div class=\"swiper-slide\" role=\"group\" aria-roledescription=\"slide\" aria-label=\"13 of 14\"><figure class=\"swiper-slide-inner\"><img decoding=\"async\" class=\"swiper-slide-image\" src=\"https:\/\/aluminiostamar.com\/wp-content\/uploads\/2023\/07\/2.jpg\" alt=\"2\" \/><\/figure><\/div><div class=\"swiper-slide\" role=\"group\" aria-roledescription=\"slide\" aria-label=\"14 of 14\"><figure class=\"swiper-slide-inner\"><img decoding=\"async\" class=\"swiper-slide-image\" src=\"https:\/\/aluminiostamar.com\/wp-content\/uploads\/2023\/07\/1.jpg\" alt=\"1\" \/><\/figure><\/div>\t\t\t<\/div>\n\t\t\t\t\t\t\t\n\t\t\t\t\t\t\t\t\t<\/div>\n\t\t\t\t\t\t<\/div>\n\t\t\t\t<\/div>\n\t\t\t\t\t<\/div>\n\t\t<\/div>\n\t\t\t\t\t<\/div>\n\t\t<\/section>\n\t\t\t\t<section class=\"elementor-section elementor-top-section elementor-element elementor-element-d88bfc2 elementor-section-boxed elementor-section-height-default elementor-section-height-default\" data-id=\"d88bfc2\" data-element_type=\"section\" data-e-type=\"section\">\n\t\t\t\t\t\t<div class=\"elementor-container elementor-column-gap-default\">\n\t\t\t\t\t<div class=\"elementor-column elementor-col-100 elementor-top-column elementor-element elementor-element-a9adcac\" data-id=\"a9adcac\" data-element_type=\"column\" data-e-type=\"column\">\n\t\t\t<div class=\"elementor-widget-wrap elementor-element-populated\">\n\t\t\t\t\t\t<div class=\"elementor-element elementor-element-b921cb2 elementor-widget elementor-widget-heading\" data-id=\"b921cb2\" data-element_type=\"widget\" data-e-type=\"widget\" data-widget_type=\"heading.default\">\n\t\t\t\t<div class=\"elementor-widget-container\">\n\t\t\t\t\t<h2 class=\"elementor-heading-title elementor-size-default\">\u00bfQui\u00e9res ver c\u00f3mo trabajamos? Aqu\u00ed tienes la secuencia de la construcci\u00f3n de una caseta de jard\u00edn.\n<\/h2>\t\t\t\t<\/div>\n\t\t\t\t<\/div>\n\t\t\t\t\t<\/div>\n\t\t<\/div>\n\t\t\t\t\t<\/div>\n\t\t<\/section>\n\t\t\t\t<section class=\"elementor-section elementor-top-section elementor-element elementor-element-1d66c1d elementor-section-boxed elementor-section-height-default elementor-section-height-default\" data-id=\"1d66c1d\" data-element_type=\"section\" data-e-type=\"section\">\n\t\t\t\t\t\t<div class=\"elementor-container elementor-column-gap-default\">\n\t\t\t\t\t<div class=\"elementor-column elementor-col-100 elementor-top-column elementor-element elementor-element-110168d\" data-id=\"110168d\" data-element_type=\"column\" data-e-type=\"column\">\n\t\t\t<div class=\"elementor-widget-wrap elementor-element-populated\">\n\t\t\t\t\t\t<div class=\"elementor-element elementor-element-168efbf elementor-widget elementor-widget-image-carousel\" data-id=\"168efbf\" data-element_type=\"widget\" data-e-type=\"widget\" data-settings=\"{&quot;slides_to_show&quot;:&quot;1&quot;,&quot;navigation&quot;:&quot;none&quot;,&quot;autoplay&quot;:&quot;yes&quot;,&quot;pause_on_hover&quot;:&quot;yes&quot;,&quot;pause_on_interaction&quot;:&quot;yes&quot;,&quot;autoplay_speed&quot;:5000,&quot;infinite&quot;:&quot;yes&quot;,&quot;effect&quot;:&quot;slide&quot;,&quot;speed&quot;:500}\" data-widget_type=\"image-carousel.default\">\n\t\t\t\t<div class=\"elementor-widget-container\">\n\t\t\t\t\t\t\t<div class=\"elementor-image-carousel-wrapper swiper\" role=\"region\" aria-roledescription=\"carousel\" aria-label=\"Image Carousel\" dir=\"ltr\">\n\t\t\t<div class=\"elementor-image-carousel swiper-wrapper\" aria-live=\"off\">\n\t\t\t\t\t\t\t\t<div class=\"swiper-slide\" role=\"group\" aria-roledescription=\"slide\" aria-label=\"1 of 5\"><figure class=\"swiper-slide-inner\"><img decoding=\"async\" class=\"swiper-slide-image\" src=\"https:\/\/aluminiostamar.com\/wp-content\/uploads\/2023\/07\/3-1.jpg\" alt=\"3 (1)\" \/><\/figure><\/div><div class=\"swiper-slide\" role=\"group\" aria-roledescription=\"slide\" aria-label=\"2 of 5\"><figure class=\"swiper-slide-inner\"><img decoding=\"async\" class=\"swiper-slide-image\" src=\"https:\/\/aluminiostamar.com\/wp-content\/uploads\/2023\/07\/2-1.jpg\" alt=\"2 (1)\" \/><\/figure><\/div><div class=\"swiper-slide\" role=\"group\" aria-roledescription=\"slide\" aria-label=\"3 of 5\"><figure class=\"swiper-slide-inner\"><img decoding=\"async\" class=\"swiper-slide-image\" src=\"https:\/\/aluminiostamar.com\/wp-content\/uploads\/2023\/07\/1-1.jpg\" alt=\"1 (1)\" \/><\/figure><\/div><div class=\"swiper-slide\" role=\"group\" aria-roledescription=\"slide\" aria-label=\"4 of 5\"><figure class=\"swiper-slide-inner\"><img decoding=\"async\" class=\"swiper-slide-image\" src=\"https:\/\/aluminiostamar.com\/wp-content\/uploads\/2023\/07\/5-1.jpg\" alt=\"5 (1)\" \/><\/figure><\/div><div class=\"swiper-slide\" role=\"group\" aria-roledescription=\"slide\" aria-label=\"5 of 5\"><figure class=\"swiper-slide-inner\"><img decoding=\"async\" class=\"swiper-slide-image\" src=\"https:\/\/aluminiostamar.com\/wp-content\/uploads\/2023\/07\/4-1.jpg\" alt=\"4 (1)\" \/><\/figure><\/div>\t\t\t<\/div>\n\t\t\t\t\t\t\t\n\t\t\t\t\t\t\t\t\t<\/div>\n\t\t\t\t\t\t<\/div>\n\t\t\t\t<\/div>\n\t\t\t\t\t<\/div>\n\t\t<\/div>\n\t\t\t\t\t<\/div>\n\t\t<\/section>\n\t\t\t\t<\/div>\n\t\t","protected":false},"excerpt":{"rendered":"<p>Aluminios\u00a0\u00a0TAMAR Reformas Nos ocupamos de todo para que no te preocupes de nada En Aluminios\u00a0\u00a0TAMAR\u00a0nos ocupamos de todo para que no tengas que preocuparte de nada. Por eso disponemos de un completo equipo de profesionales especializado en la realizaci\u00f3n de todo tipo de trabajos de reforma. Realizamos\u00a0reformas de cocinas, ba\u00f1os, reformas integrales de viviendas o [&hellip;]<\/p>\n","protected":false},"author":1,"featured_media":0,"parent":0,"menu_order":0,"comment_status":"closed","ping_status":"closed","template":"elementor_canvas","meta":{"footnotes":""},"class_list":["post-776","page","type-page","status-publish","hentry"],"yoast_head":"<!-- This site is optimized with the Yoast SEO plugin v27.5 - https:\/\/yoast.com\/product\/yoast-seo-wordpress\/ -->\n<title>Reformas - Aluminios Tamar<\/title>\n<meta name=\"robots\" content=\"index, follow, max-snippet:-1, max-image-preview:large, max-video-preview:-1\" \/>\n<link rel=\"canonical\" href=\"https:\/\/aluminiostamar.com\/eu\/reformas\/\" \/>\n<meta property=\"og:locale\" content=\"en_US\" \/>\n<meta property=\"og:type\" content=\"article\" \/>\n<meta property=\"og:title\" content=\"Reformas - Aluminios Tamar\" \/>\n<meta property=\"og:description\" content=\"Aluminios\u00a0\u00a0TAMAR Reformas Nos ocupamos de todo para que no te preocupes de nada En Aluminios\u00a0\u00a0TAMAR\u00a0nos ocupamos de todo para que no tengas que preocuparte de nada. Por eso disponemos de un completo equipo de profesionales especializado en la realizaci\u00f3n de todo tipo de trabajos de reforma. Realizamos\u00a0reformas de cocinas, ba\u00f1os, reformas integrales de viviendas o [&hellip;]\" \/>\n<meta property=\"og:url\" content=\"https:\/\/aluminiostamar.com\/eu\/reformas\/\" \/>\n<meta property=\"og:site_name\" content=\"Aluminios Tamar\" \/>\n<meta property=\"article:modified_time\" content=\"2023-07-17T15:45:15+00:00\" \/>\n<meta property=\"og:image\" content=\"https:\/\/aluminiostamar.com\/wp-content\/uploads\/2023\/07\/14.jpg\" \/>\n<meta name=\"twitter:card\" content=\"summary_large_image\" \/>\n<meta name=\"twitter:label1\" content=\"Est. reading time\" \/>\n\t<meta name=\"twitter:data1\" content=\"6 minutua\" \/>\n<script type=\"application\/ld+json\" class=\"yoast-schema-graph\">{\"@context\":\"https:\\\/\\\/schema.org\",\"@graph\":[{\"@type\":\"WebPage\",\"@id\":\"https:\\\/\\\/aluminiostamar.com\\\/reformas\\\/\",\"url\":\"https:\\\/\\\/aluminiostamar.com\\\/reformas\\\/\",\"name\":\"Reformas - Aluminios Tamar\",\"isPartOf\":{\"@id\":\"https:\\\/\\\/aluminiostamar.com\\\/#website\"},\"primaryImageOfPage\":{\"@id\":\"https:\\\/\\\/aluminiostamar.com\\\/reformas\\\/#primaryimage\"},\"image\":{\"@id\":\"https:\\\/\\\/aluminiostamar.com\\\/reformas\\\/#primaryimage\"},\"thumbnailUrl\":\"https:\\\/\\\/aluminiostamar.com\\\/wp-content\\\/uploads\\\/2023\\\/07\\\/14.jpg\",\"datePublished\":\"2023-07-14T10:57:28+00:00\",\"dateModified\":\"2023-07-17T15:45:15+00:00\",\"breadcrumb\":{\"@id\":\"https:\\\/\\\/aluminiostamar.com\\\/reformas\\\/#breadcrumb\"},\"inLanguage\":\"eu\",\"potentialAction\":[{\"@type\":\"ReadAction\",\"target\":[\"https:\\\/\\\/aluminiostamar.com\\\/reformas\\\/\"]}]},{\"@type\":\"ImageObject\",\"inLanguage\":\"eu\",\"@id\":\"https:\\\/\\\/aluminiostamar.com\\\/reformas\\\/#primaryimage\",\"url\":\"https:\\\/\\\/aluminiostamar.com\\\/wp-content\\\/uploads\\\/2023\\\/07\\\/14.jpg\",\"contentUrl\":\"https:\\\/\\\/aluminiostamar.com\\\/wp-content\\\/uploads\\\/2023\\\/07\\\/14.jpg\"},{\"@type\":\"BreadcrumbList\",\"@id\":\"https:\\\/\\\/aluminiostamar.com\\\/reformas\\\/#breadcrumb\",\"itemListElement\":[{\"@type\":\"ListItem\",\"position\":1,\"name\":\"Portada\",\"item\":\"https:\\\/\\\/aluminiostamar.com\\\/\"},{\"@type\":\"ListItem\",\"position\":2,\"name\":\"Reformas\"}]},{\"@type\":\"WebSite\",\"@id\":\"https:\\\/\\\/aluminiostamar.com\\\/#website\",\"url\":\"https:\\\/\\\/aluminiostamar.com\\\/\",\"name\":\"Aluminios Tamar\",\"description\":\"\",\"potentialAction\":[{\"@type\":\"SearchAction\",\"target\":{\"@type\":\"EntryPoint\",\"urlTemplate\":\"https:\\\/\\\/aluminiostamar.com\\\/?s={search_term_string}\"},\"query-input\":{\"@type\":\"PropertyValueSpecification\",\"valueRequired\":true,\"valueName\":\"search_term_string\"}}],\"inLanguage\":\"eu\"}]}<\/script>\n<!-- \/ Yoast SEO plugin. -->","yoast_head_json":{"title":"Reformas - Aluminios Tamar","robots":{"index":"index","follow":"follow","max-snippet":"max-snippet:-1","max-image-preview":"max-image-preview:large","max-video-preview":"max-video-preview:-1"},"canonical":"https:\/\/aluminiostamar.com\/eu\/reformas\/","og_locale":"en_US","og_type":"article","og_title":"Reformas - Aluminios Tamar","og_description":"Aluminios\u00a0\u00a0TAMAR Reformas Nos ocupamos de todo para que no te preocupes de nada En Aluminios\u00a0\u00a0TAMAR\u00a0nos ocupamos de todo para que no tengas que preocuparte de nada. Por eso disponemos de un completo equipo de profesionales especializado en la realizaci\u00f3n de todo tipo de trabajos de reforma. Realizamos\u00a0reformas de cocinas, ba\u00f1os, reformas integrales de viviendas o [&hellip;]","og_url":"https:\/\/aluminiostamar.com\/eu\/reformas\/","og_site_name":"Aluminios Tamar","article_modified_time":"2023-07-17T15:45:15+00:00","og_image":[{"url":"https:\/\/aluminiostamar.com\/wp-content\/uploads\/2023\/07\/14.jpg","type":"","width":"","height":""}],"twitter_card":"summary_large_image","twitter_misc":{"Est. reading time":"6 minutua"},"schema":{"@context":"https:\/\/schema.org","@graph":[{"@type":"WebPage","@id":"https:\/\/aluminiostamar.com\/reformas\/","url":"https:\/\/aluminiostamar.com\/reformas\/","name":"Reformas - Aluminios Tamar","isPartOf":{"@id":"https:\/\/aluminiostamar.com\/#website"},"primaryImageOfPage":{"@id":"https:\/\/aluminiostamar.com\/reformas\/#primaryimage"},"image":{"@id":"https:\/\/aluminiostamar.com\/reformas\/#primaryimage"},"thumbnailUrl":"https:\/\/aluminiostamar.com\/wp-content\/uploads\/2023\/07\/14.jpg","datePublished":"2023-07-14T10:57:28+00:00","dateModified":"2023-07-17T15:45:15+00:00","breadcrumb":{"@id":"https:\/\/aluminiostamar.com\/reformas\/#breadcrumb"},"inLanguage":"eu","potentialAction":[{"@type":"ReadAction","target":["https:\/\/aluminiostamar.com\/reformas\/"]}]},{"@type":"ImageObject","inLanguage":"eu","@id":"https:\/\/aluminiostamar.com\/reformas\/#primaryimage","url":"https:\/\/aluminiostamar.com\/wp-content\/uploads\/2023\/07\/14.jpg","contentUrl":"https:\/\/aluminiostamar.com\/wp-content\/uploads\/2023\/07\/14.jpg"},{"@type":"BreadcrumbList","@id":"https:\/\/aluminiostamar.com\/reformas\/#breadcrumb","itemListElement":[{"@type":"ListItem","position":1,"name":"Portada","item":"https:\/\/aluminiostamar.com\/"},{"@type":"ListItem","position":2,"name":"Reformas"}]},{"@type":"WebSite","@id":"https:\/\/aluminiostamar.com\/#website","url":"https:\/\/aluminiostamar.com\/","name":"Aluminios Tamar","description":"","potentialAction":[{"@type":"SearchAction","target":{"@type":"EntryPoint","urlTemplate":"https:\/\/aluminiostamar.com\/?s={search_term_string}"},"query-input":{"@type":"PropertyValueSpecification","valueRequired":true,"valueName":"search_term_string"}}],"inLanguage":"eu"}]}},"_links":{"self":[{"href":"https:\/\/aluminiostamar.com\/eu\/wp-json\/wp\/v2\/pages\/776","targetHints":{"allow":["GET"]}}],"collection":[{"href":"https:\/\/aluminiostamar.com\/eu\/wp-json\/wp\/v2\/pages"}],"about":[{"href":"https:\/\/aluminiostamar.com\/eu\/wp-json\/wp\/v2\/types\/page"}],"author":[{"embeddable":true,"href":"https:\/\/aluminiostamar.com\/eu\/wp-json\/wp\/v2\/users\/1"}],"replies":[{"embeddable":true,"href":"https:\/\/aluminiostamar.com\/eu\/wp-json\/wp\/v2\/comments?post=776"}],"version-history":[{"count":32,"href":"https:\/\/aluminiostamar.com\/eu\/wp-json\/wp\/v2\/pages\/776\/revisions"}],"predecessor-version":[{"id":1045,"href":"https:\/\/aluminiostamar.com\/eu\/wp-json\/wp\/v2\/pages\/776\/revisions\/1045"}],"wp:attachment":[{"href":"https:\/\/aluminiostamar.com\/eu\/wp-json\/wp\/v2\/media?parent=776"}],"curies":[{"name":"wp","href":"https:\/\/api.w.org\/{rel}","templated":true}]}}