{"id":758,"date":"2023-07-14T10:44:49","date_gmt":"2023-07-14T10:44:49","guid":{"rendered":"https:\/\/web4.rkinformatika.net\/aluminiostamar\/?page_id=758"},"modified":"2023-07-17T15:42:18","modified_gmt":"2023-07-17T15:42:18","slug":"servicios","status":"publish","type":"page","link":"https:\/\/aluminiostamar.com\/eu\/servicios\/","title":{"rendered":"Zerbitzuak"},"content":{"rendered":"<div data-elementor-type=\"wp-page\" data-elementor-id=\"758\" class=\"elementor elementor-758\" data-elementor-post-type=\"page\">\n\t\t\t\t\t\t<section class=\"elementor-section elementor-top-section elementor-element elementor-element-aac4ce5 elementor-section-height-min-height elementor-section-boxed elementor-section-height-default elementor-section-items-middle\" data-id=\"aac4ce5\" data-element_type=\"section\" data-e-type=\"section\" data-settings=\"{&quot;background_background&quot;:&quot;classic&quot;}\">\n\t\t\t\t\t\t<div class=\"elementor-container elementor-column-gap-default\">\n\t\t\t\t\t<div class=\"elementor-column elementor-col-100 elementor-top-column elementor-element elementor-element-ebbce7e\" data-id=\"ebbce7e\" data-element_type=\"column\" data-e-type=\"column\">\n\t\t\t<div class=\"elementor-widget-wrap\">\n\t\t\t\t\t\t\t<\/div>\n\t\t<\/div>\n\t\t\t\t\t<\/div>\n\t\t<\/section>\n\t\t\t\t<section class=\"elementor-section elementor-top-section elementor-element elementor-element-3b527cb3 elementor-section-boxed elementor-section-height-default elementor-section-height-default\" data-id=\"3b527cb3\" data-element_type=\"section\" data-e-type=\"section\" data-settings=\"{&quot;background_background&quot;:&quot;classic&quot;}\">\n\t\t\t\t\t\t<div class=\"elementor-container elementor-column-gap-default\">\n\t\t\t\t\t<div class=\"elementor-column elementor-col-100 elementor-top-column elementor-element elementor-element-17981030\" data-id=\"17981030\" data-element_type=\"column\" data-e-type=\"column\">\n\t\t\t<div class=\"elementor-widget-wrap elementor-element-populated\">\n\t\t\t\t\t\t<div class=\"elementor-element elementor-element-7e01ed1b elementor-invisible elementor-widget elementor-widget-heading\" data-id=\"7e01ed1b\" data-element_type=\"widget\" data-e-type=\"widget\" data-settings=\"{&quot;_animation&quot;:&quot;slideInUp&quot;}\" data-widget_type=\"heading.default\">\n\t\t\t\t<div class=\"elementor-widget-container\">\n\t\t\t\t\t<h1 class=\"elementor-heading-title elementor-size-default\"><h1 style=\"font-size: 36px;margin: 20px 0px 10px;, sans-serif;line-height: 1.1;text-align: right;white-space: normal\">Aluminioak&nbsp;\u00a0<span class=\"tamar\" style=\"font-family: Vasca, serif;text-transform: uppercase;color: #bf1729\">TAMAR<\/span><\/h1><h2 style=\", sans-serif;line-height: 1.1;margin-top: 20px;margin-bottom: 10px;font-size: 30px;text-align: right;white-space: normal\">Zerbitzuak<\/h2><h3 style=\", sans-serif;line-height: 1.1;margin-top: 20px;margin-bottom: 10px;font-size: 24px;text-align: right;white-space: normal\">Informaci\u00f3n, asesoramiento, tienda, garant\u00edas...<\/h3>\n<\/h1>\t\t\t\t<\/div>\n\t\t\t\t<\/div>\n\t\t\t\t\t<\/div>\n\t\t<\/div>\n\t\t\t\t\t<\/div>\n\t\t<\/section>\n\t\t\t\t<section class=\"elementor-section elementor-top-section elementor-element elementor-element-1c7b4ea elementor-section-boxed elementor-section-height-default elementor-section-height-default\" data-id=\"1c7b4ea\" data-element_type=\"section\" data-e-type=\"section\">\n\t\t\t\t\t\t<div class=\"elementor-container elementor-column-gap-default\">\n\t\t\t\t\t<div class=\"elementor-column elementor-col-100 elementor-top-column elementor-element elementor-element-cba3fdb\" data-id=\"cba3fdb\" data-element_type=\"column\" data-e-type=\"column\">\n\t\t\t<div class=\"elementor-widget-wrap elementor-element-populated\">\n\t\t\t\t\t\t<div class=\"elementor-element elementor-element-b36c192 elementor-widget elementor-widget-text-editor\" data-id=\"b36c192\" data-element_type=\"widget\" data-e-type=\"widget\" data-widget_type=\"text-editor.default\">\n\t\t\t\t<div class=\"elementor-widget-container\">\n\t\t\t\t\t\t\t\t\t<h4 style=\"font-family: 'Source Sans Pro', sans-serif; line-height: 1.5em; color: #333333; margin-top: 10px; margin-bottom: 10px; font-size: 18px; text-align: justify;\">Aluminio\u00a0<span class=\"tamar\" style=\"font-family: Vasca, serif; text-transform: uppercase; color: #bf1729;\">TAMAR<\/span>\u00a0pensamos que\u00a0<span style=\"font-weight: bold;\">un buen servicio es fundamental para garantizar los mejores resultados<\/span>.<\/h4>\n<h4 style=\"font-family: 'Source Sans Pro', sans-serif; line-height: 1.5em; color: #333333; margin-top: 10px; margin-bottom: 10px; font-size: 18px; text-align: justify;\">Por eso, en Aluminios <span class=\"tamar\" style=\"font-family: Vasca, serif; text-transform: uppercase; color: #bf1729;\">TAMAR<\/span>\u00a0ponemos a tu disposici\u00f3n toda una serie de servicios a\u00f1adidos para que tu obra se realice con las m\u00e1ximas garant\u00edas.<\/h4>\n<h4 style=\"font-family: 'Source Sans Pro', sans-serif; line-height: 1.5em; color: #333333; margin-top: 10px; margin-bottom: 10px; font-size: 18px; text-align: justify;\">Aluminio\u00a0<span class=\"tamar\" style=\"font-family: Vasca, serif; text-transform: uppercase; color: #bf1729;\">TAMAR<\/span>\u00a0encontrar\u00e1s un servicio de\u00a0<span style=\"font-weight: bold;\">asesoramiento e informaci\u00f3n, profesional y especializado, sin ning\u00fan tipo de compromiso<\/span>, que te informar\u00e1 de las mejores soluciones para cada caso, para que puedas elegir la opci\u00f3n que mejor se adapte a tus necesidades.<\/h4>\n<h4 style=\"font-family: 'Source Sans Pro', sans-serif; line-height: 1.5em; color: #333333; margin-top: 10px; margin-bottom: 10px; font-size: 18px; text-align: justify;\">En nuestra tienda podr\u00e1s\u00a0<span style=\"font-weight: bold;\">comprobar in situ la calidad de los materiales<\/span>\u00a0que utilizamos, as\u00ed como los diferentes acabados y caracter\u00edsticas de cada elemento.<\/h4>\n<h4 style=\"font-family: 'Source Sans Pro', sans-serif; line-height: 1.5em; color: #333333; margin-top: 10px; margin-bottom: 10px; font-size: 18px; text-align: justify;\">Adem\u00e1s ponemos a tu disposici\u00f3n un\u00a0<span style=\"font-weight: bold;\">completo cat\u00e1logo<\/span>\u00a0de soluciones para que puedas elegir lo que m\u00e1s te guste.<\/h4>\n<h4 style=\"font-family: 'Source Sans Pro', sans-serif; line-height: 1.5em; color: #333333; margin-top: 10px; margin-bottom: 10px; font-size: 18px; text-align: justify;\">En nuestra tienda, si lo prefieres, podr\u00e1s\u00a0<span style=\"font-weight: bold;\">adquirir directamente las ventanas<\/span>\u00a0que quieres poner sin servicio de montaje.<\/h4>\n<h4 style=\"font-family: 'Source Sans Pro', sans-serif; line-height: 1.5em; color: #333333; margin-top: 10px; margin-bottom: 10px; font-size: 18px; text-align: justify;\">Nuestro servicio Postventa se ocupar\u00e1 de ayudarte en todo aquello que necesites tras la realizaci\u00f3n de la obra. Adem\u00e1s, en Aluminios\u00a0\u00a0<span class=\"tamar\" style=\"font-family: Vasca, serif; text-transform: uppercase; color: #bf1729;\">TAMAR<\/span>\u00a0tendr\u00e1s un\u00a0<span style=\"font-weight: bold;\">certificado de garant\u00eda<\/span>\u00a0de los materiales utilizados y que nos ocupamos de la retirada tanto de escombros como de los materiales sustituidos.<\/h4>\n<h4 style=\"font-family: 'Source Sans Pro', sans-serif; line-height: 1.5em; color: #333333; margin-top: 10px; margin-bottom: 10px; font-size: 18px; text-align: justify;\">Recuerda que en Aluminios\u00a0\u00a0<span class=\"tamar\" style=\"font-family: Vasca, serif; text-transform: uppercase; color: #bf1729;\">TAMAR<\/span>\u00a0nos formamos constantemente para ofrecerte\u00a0<span style=\"font-weight: bold;\">siempre las \u00faltimas novedades en materiales y tecnolog\u00edas<\/span>\u00a0aplicadas a la construcci\u00f3n.<\/h4>\n<h4 style=\"font-family: 'Source Sans Pro', sans-serif; line-height: 1.5em; color: #333333; margin-top: 10px; margin-bottom: 10px; font-size: 18px; text-align: justify;\">No dejes de contactar con nosotros. Aluminios\u00a0\u00a0<span class=\"tamar\" style=\"font-family: Vasca, serif; text-transform: uppercase; color: #bf1729;\">TAMAR<\/span>, 25 a\u00f1os al servicio de Mung\u00eda.<\/h4>\t\t\t\t\t\t\t\t<\/div>\n\t\t\t\t<\/div>\n\t\t\t\t\t<\/div>\n\t\t<\/div>\n\t\t\t\t\t<\/div>\n\t\t<\/section>\n\t\t\t\t<section class=\"elementor-section elementor-top-section elementor-element elementor-element-59b0aad elementor-section-boxed elementor-section-height-default elementor-section-height-default\" data-id=\"59b0aad\" data-element_type=\"section\" data-e-type=\"section\">\n\t\t\t\t\t\t<div class=\"elementor-container elementor-column-gap-default\">\n\t\t\t\t\t<div class=\"elementor-column elementor-col-100 elementor-top-column elementor-element elementor-element-8d5b647\" data-id=\"8d5b647\" data-element_type=\"column\" data-e-type=\"column\">\n\t\t\t<div class=\"elementor-widget-wrap elementor-element-populated\">\n\t\t\t\t\t\t<div class=\"elementor-element elementor-element-c59a101 elementor-widget elementor-widget-text-editor\" data-id=\"c59a101\" data-element_type=\"widget\" data-e-type=\"widget\" data-widget_type=\"text-editor.default\">\n\t\t\t\t<div class=\"elementor-widget-container\">\n\t\t\t\t\t\t\t\t\t<h2 style=\"font-family: 'Source Sans Pro', sans-serif; line-height: 1.1; color: #333333; margin-top: 10vh; margin-bottom: 10px; font-size: 30px; text-align: center;\">Horario de atenci\u00f3n al p\u00fablico<\/h2><h3 style=\"font-family: 'Source Sans Pro', sans-serif; line-height: 1.5em; color: #333333; margin-top: 20px; margin-bottom: 10px; font-size: 24px; text-align: center;\">Lunes a viernes de 10,30 a 14&#8217;00 horas y de 17,00 a 20,00 horas<\/h3><h3 style=\"font-family: 'Source Sans Pro', sans-serif; line-height: 1.5em; color: #333333; margin-top: 20px; margin-bottom: 10px; font-size: 24px; text-align: center;\">S\u00e1bados cerrado<\/h3><h3 style=\"font-family: 'Source Sans Pro', sans-serif; line-height: 1.5em; color: #333333; margin-top: 20px; margin-bottom: 10px; font-size: 24px; text-align: center;\"><span style=\"font-weight: bold;\">Recuerda que en cualquier momento puedes contactar con nosotros a trav\u00e9s de\u00a0<a style=\"outline: none; color: #337ab7;\" href=\"https:\/\/aluminiostamar.com\/eu\/contacto\/\">nuestro formulario de contacto<\/a><\/span><\/h3>\t\t\t\t\t\t\t\t<\/div>\n\t\t\t\t<\/div>\n\t\t\t\t\t<\/div>\n\t\t<\/div>\n\t\t\t\t\t<\/div>\n\t\t<\/section>\n\t\t\t\t<\/div>","protected":false},"excerpt":{"rendered":"<p>Aluminios&nbsp;\u00a0TAMAR Servicios Informaci\u00f3n, asesoramiento, tienda, garant\u00edas&#8230; En Aluminios\u00a0TAMAR\u00a0pensamos que\u00a0un buen servicio es fundamental para garantizar los mejores resultados. Por eso, en Aluminios TAMAR\u00a0ponemos a tu disposici\u00f3n toda una serie de servicios a\u00f1adidos para que tu obra se realice con las m\u00e1ximas garant\u00edas. En Aluminios\u00a0TAMAR\u00a0encontrar\u00e1s un servicio de\u00a0asesoramiento e informaci\u00f3n, profesional y especializado, sin ning\u00fan tipo [&hellip;]<\/p>\n","protected":false},"author":1,"featured_media":0,"parent":0,"menu_order":0,"comment_status":"closed","ping_status":"closed","template":"elementor_canvas","meta":{"footnotes":""},"class_list":["post-758","page","type-page","status-publish","hentry"],"yoast_head":"<!-- This site is optimized with the Yoast SEO plugin v27.5 - https:\/\/yoast.com\/product\/yoast-seo-wordpress\/ -->\n<title>Servicios - Aluminios Tamar<\/title>\n<meta name=\"robots\" content=\"index, follow, max-snippet:-1, max-image-preview:large, max-video-preview:-1\" \/>\n<link rel=\"canonical\" href=\"https:\/\/aluminiostamar.com\/eu\/servicios\/\" \/>\n<meta property=\"og:locale\" content=\"en_US\" \/>\n<meta property=\"og:type\" content=\"article\" \/>\n<meta property=\"og:title\" content=\"Servicios - Aluminios Tamar\" \/>\n<meta property=\"og:description\" content=\"Aluminios&nbsp;\u00a0TAMAR Servicios Informaci\u00f3n, asesoramiento, tienda, garant\u00edas&#8230; En Aluminios\u00a0TAMAR\u00a0pensamos que\u00a0un buen servicio es fundamental para garantizar los mejores resultados. Por eso, en Aluminios TAMAR\u00a0ponemos a tu disposici\u00f3n toda una serie de servicios a\u00f1adidos para que tu obra se realice con las m\u00e1ximas garant\u00edas. En Aluminios\u00a0TAMAR\u00a0encontrar\u00e1s un servicio de\u00a0asesoramiento e informaci\u00f3n, profesional y especializado, sin ning\u00fan tipo [&hellip;]\" \/>\n<meta property=\"og:url\" content=\"https:\/\/aluminiostamar.com\/eu\/servicios\/\" \/>\n<meta property=\"og:site_name\" content=\"Aluminios Tamar\" \/>\n<meta property=\"article:modified_time\" content=\"2023-07-17T15:42:18+00:00\" \/>\n<meta name=\"twitter:card\" content=\"summary_large_image\" \/>\n<meta name=\"twitter:label1\" content=\"Est. reading time\" \/>\n\t<meta name=\"twitter:data1\" content=\"2 minutua\" \/>\n<script type=\"application\/ld+json\" class=\"yoast-schema-graph\">{\"@context\":\"https:\\\/\\\/schema.org\",\"@graph\":[{\"@type\":\"WebPage\",\"@id\":\"https:\\\/\\\/aluminiostamar.com\\\/servicios\\\/\",\"url\":\"https:\\\/\\\/aluminiostamar.com\\\/servicios\\\/\",\"name\":\"Servicios - Aluminios Tamar\",\"isPartOf\":{\"@id\":\"https:\\\/\\\/aluminiostamar.com\\\/#website\"},\"datePublished\":\"2023-07-14T10:44:49+00:00\",\"dateModified\":\"2023-07-17T15:42:18+00:00\",\"breadcrumb\":{\"@id\":\"https:\\\/\\\/aluminiostamar.com\\\/servicios\\\/#breadcrumb\"},\"inLanguage\":\"eu\",\"potentialAction\":[{\"@type\":\"ReadAction\",\"target\":[\"https:\\\/\\\/aluminiostamar.com\\\/servicios\\\/\"]}]},{\"@type\":\"BreadcrumbList\",\"@id\":\"https:\\\/\\\/aluminiostamar.com\\\/servicios\\\/#breadcrumb\",\"itemListElement\":[{\"@type\":\"ListItem\",\"position\":1,\"name\":\"Portada\",\"item\":\"https:\\\/\\\/aluminiostamar.com\\\/\"},{\"@type\":\"ListItem\",\"position\":2,\"name\":\"Servicios\"}]},{\"@type\":\"WebSite\",\"@id\":\"https:\\\/\\\/aluminiostamar.com\\\/#website\",\"url\":\"https:\\\/\\\/aluminiostamar.com\\\/\",\"name\":\"Aluminios Tamar\",\"description\":\"\",\"potentialAction\":[{\"@type\":\"SearchAction\",\"target\":{\"@type\":\"EntryPoint\",\"urlTemplate\":\"https:\\\/\\\/aluminiostamar.com\\\/?s={search_term_string}\"},\"query-input\":{\"@type\":\"PropertyValueSpecification\",\"valueRequired\":true,\"valueName\":\"search_term_string\"}}],\"inLanguage\":\"eu\"}]}<\/script>\n<!-- \/ Yoast SEO plugin. -->","yoast_head_json":{"title":"Servicios - Aluminios Tamar","robots":{"index":"index","follow":"follow","max-snippet":"max-snippet:-1","max-image-preview":"max-image-preview:large","max-video-preview":"max-video-preview:-1"},"canonical":"https:\/\/aluminiostamar.com\/eu\/servicios\/","og_locale":"en_US","og_type":"article","og_title":"Servicios - Aluminios Tamar","og_description":"Aluminios&nbsp;\u00a0TAMAR Servicios Informaci\u00f3n, asesoramiento, tienda, garant\u00edas&#8230; En Aluminios\u00a0TAMAR\u00a0pensamos que\u00a0un buen servicio es fundamental para garantizar los mejores resultados. Por eso, en Aluminios TAMAR\u00a0ponemos a tu disposici\u00f3n toda una serie de servicios a\u00f1adidos para que tu obra se realice con las m\u00e1ximas garant\u00edas. En Aluminios\u00a0TAMAR\u00a0encontrar\u00e1s un servicio de\u00a0asesoramiento e informaci\u00f3n, profesional y especializado, sin ning\u00fan tipo [&hellip;]","og_url":"https:\/\/aluminiostamar.com\/eu\/servicios\/","og_site_name":"Aluminios Tamar","article_modified_time":"2023-07-17T15:42:18+00:00","twitter_card":"summary_large_image","twitter_misc":{"Est. reading time":"2 minutua"},"schema":{"@context":"https:\/\/schema.org","@graph":[{"@type":"WebPage","@id":"https:\/\/aluminiostamar.com\/servicios\/","url":"https:\/\/aluminiostamar.com\/servicios\/","name":"Servicios - Aluminios Tamar","isPartOf":{"@id":"https:\/\/aluminiostamar.com\/#website"},"datePublished":"2023-07-14T10:44:49+00:00","dateModified":"2023-07-17T15:42:18+00:00","breadcrumb":{"@id":"https:\/\/aluminiostamar.com\/servicios\/#breadcrumb"},"inLanguage":"eu","potentialAction":[{"@type":"ReadAction","target":["https:\/\/aluminiostamar.com\/servicios\/"]}]},{"@type":"BreadcrumbList","@id":"https:\/\/aluminiostamar.com\/servicios\/#breadcrumb","itemListElement":[{"@type":"ListItem","position":1,"name":"Portada","item":"https:\/\/aluminiostamar.com\/"},{"@type":"ListItem","position":2,"name":"Servicios"}]},{"@type":"WebSite","@id":"https:\/\/aluminiostamar.com\/#website","url":"https:\/\/aluminiostamar.com\/","name":"Aluminios Tamar","description":"","potentialAction":[{"@type":"SearchAction","target":{"@type":"EntryPoint","urlTemplate":"https:\/\/aluminiostamar.com\/?s={search_term_string}"},"query-input":{"@type":"PropertyValueSpecification","valueRequired":true,"valueName":"search_term_string"}}],"inLanguage":"eu"}]}},"_links":{"self":[{"href":"https:\/\/aluminiostamar.com\/eu\/wp-json\/wp\/v2\/pages\/758","targetHints":{"allow":["GET"]}}],"collection":[{"href":"https:\/\/aluminiostamar.com\/eu\/wp-json\/wp\/v2\/pages"}],"about":[{"href":"https:\/\/aluminiostamar.com\/eu\/wp-json\/wp\/v2\/types\/page"}],"author":[{"embeddable":true,"href":"https:\/\/aluminiostamar.com\/eu\/wp-json\/wp\/v2\/users\/1"}],"replies":[{"embeddable":true,"href":"https:\/\/aluminiostamar.com\/eu\/wp-json\/wp\/v2\/comments?post=758"}],"version-history":[{"count":16,"href":"https:\/\/aluminiostamar.com\/eu\/wp-json\/wp\/v2\/pages\/758\/revisions"}],"predecessor-version":[{"id":1033,"href":"https:\/\/aluminiostamar.com\/eu\/wp-json\/wp\/v2\/pages\/758\/revisions\/1033"}],"wp:attachment":[{"href":"https:\/\/aluminiostamar.com\/eu\/wp-json\/wp\/v2\/media?parent=758"}],"curies":[{"name":"wp","href":"https:\/\/api.w.org\/{rel}","templated":true}]}}